{"id":6,"date":"2021-07-09T09:07:41","date_gmt":"2021-07-09T09:07:41","guid":{"rendered":"https:\/\/colorfast.app\/?page_id=6"},"modified":"2021-07-09T14:58:18","modified_gmt":"2021-07-09T14:58:18","slug":"home","status":"publish","type":"page","link":"https:\/\/colorfast.app\/","title":{"rendered":"Home"},"content":{"rendered":"<div id='av_section_1'  class='avia-section main_color avia-section-default avia-no-border-styling  avia-full-stretch av-parallax-section avia-bg-style-parallax  avia-builder-el-0  el_before_av_layout_row  avia-builder-el-first  cover  av-minimum-height av-minimum-height-100  container_wrap sidebar_right' style=' '  data-section-bg-repeat='stretch' data-av_minimum_height_pc='100'><div class='av-parallax' data-avia-parallax-ratio='0.3' ><div class='av-parallax-inner main_color  avia-full-stretch' style = 'background-repeat: no-repeat; background-image: url(https:\/\/colorfast.app\/wp-content\/uploads\/2021\/07\/background-scaled.jpg);background-attachment: scroll; background-position: center center; ' ><\/div><\/div><div class='av-section-color-overlay-wrap'><a href='#next-section' title='' class='scroll-down-link  av-custom-scroll-down-color' style='color: #7bc943;' aria-hidden='true' data-av_icon='\ue877' data-av_iconfont='entypo-fontello'><\/a><div class='container' ><main  role=\"main\" itemprop=\"mainContentOfPage\"  class='template-page content  av-content-small alpha units'><div class='post-entry post-entry-type-page post-entry-6'><div class='entry-content-wrapper clearfix'>\n<div class='flex_column_table av-equal-height-column-flextable -flextable' ><div class=\"flex_column av_three_fifth  av-animated-generic left-to-right  flex_column_table_cell av-equal-height-column av-align-middle av-zero-column-padding first  avia-builder-el-1  el_before_av_two_fifth  avia-builder-el-first  \" style='border-radius:0px; '><p><div  class='avia-image-container avia_animated_image avia_animate_when_almost_visible av-rotateIn av-styling- av-hover-grow   avia-builder-el-2  el_before_av_hr  avia-builder-el-first  avia-align-left '  itemprop=\"image\" itemscope=\"itemscope\" itemtype=\"https:\/\/schema.org\/ImageObject\"  ><div class='avia-image-container-inner'><div class='avia-image-overlay-wrap'><img decoding=\"async\" class='wp-image-29 avia-img-lazy-loading-not-29 avia_image' src=\"https:\/\/colorfast.app\/wp-content\/uploads\/2021\/07\/icon.svg\" alt='' title='icon' height=\"200\" width=\"200\"  itemprop=\"thumbnailUrl\"  \/><\/div><\/div><\/div><br \/>\n<div  style='height:1px; margin-top:0px'  class='hr hr-invisible   avia-builder-el-3  el_after_av_image  el_before_av_heading '><span class='hr-inner ' ><span class='hr-inner-style'><\/span><\/span><\/div><br \/>\n<div  style='padding-bottom:10px; margin-top: 10px;color:#ffffff;font-size:60px;' class='av-special-heading av-special-heading-h1 custom-color-heading blockquote modern-quote  avia-builder-el-4  el_after_av_hr  el_before_av_iconlist  av-thin-font av-inherit-size '><h1 class='av-special-heading-tag '  itemprop=\"headline\"  ><strong>Color<\/strong>Fast<\/h1><div class ='av-subheading av-subheading_below av_custom_color ' style='font-size:25px;'><p>Praktischer Helfer f\u00fcr f\u00fcr Blinde, Farbenblinde und Farbenfehlsichtige \u2013 aber auch Designer und Fotografen.<\/p>\n<\/div><div class='special-heading-border'><div class='special-heading-inner-border' style='border-color:#ffffff'><\/div><\/div><\/div><br \/>\n<div  class='avia-icon-list-container   avia-builder-el-5  el_after_av_heading  avia-builder-el-last '><ul class='avia-icon-list avia-icon-list-left av-iconlist-small avia_animate_when_almost_visible avia-iconlist-animate'>\n<li><div  style='color:#ffffff; ' class='iconlist_icon  avia-font-entypo-fontello'><span class='iconlist-char ' aria-hidden='true' data-av_icon='\ue812' data-av_iconfont='entypo-fontello'><\/span><\/div><article class=\"article-icon-entry av-iconlist-empty\"  itemscope=\"itemscope\" itemtype=\"https:\/\/schema.org\/CreativeWork\" ><div class='iconlist_content_wrap'><header class=\"entry-content-header\"><span class='av_iconlist_title iconlist_title_small  av_inherit_color '  itemprop=\"headline\"   style='color:#ffffff; '>Erkennt Farben \u00fcber die Handy-Kamera<\/span><\/header><div class='iconlist_content  '  itemprop=\"text\"  ><\/div><\/div><footer class=\"entry-footer\"><\/footer><\/article><div class='iconlist-timeline'><\/div><\/li>\n<li><div  style='color:#ffffff; ' class='iconlist_icon  avia-font-entypo-fontello'><span class='iconlist-char ' aria-hidden='true' data-av_icon='\ue812' data-av_iconfont='entypo-fontello'><\/span><\/div><article class=\"article-icon-entry av-iconlist-empty\"  itemscope=\"itemscope\" itemtype=\"https:\/\/schema.org\/CreativeWork\" ><div class='iconlist_content_wrap'><header class=\"entry-content-header\"><span class='av_iconlist_title iconlist_title_small  av_inherit_color '  itemprop=\"headline\"   style='color:#ffffff; '> Kann Farbt\u00f6ne vorlesen lassen oder in Klangsignale umwandeln<\/span><\/header><div class='iconlist_content  '  itemprop=\"text\"  ><\/div><\/div><footer class=\"entry-footer\"><\/footer><\/article><div class='iconlist-timeline'><\/div><\/li>\n<\/ul><\/div><\/p><\/div><div class='av-flex-placeholder'><\/div><div class=\"flex_column av_two_fifth  flex_column_table_cell av-equal-height-column av-align-middle av-zero-column-padding   avia-builder-el-6  el_after_av_three_fifth  avia-builder-el-last  \" style='border-radius:0px; '><div  class='avia-image-container avia_animated_image avia_animate_when_almost_visible av-rotateInUpRight av-styling- av-hover-grow   avia-builder-el-7  avia-builder-el-no-sibling  avia-align-center '  itemprop=\"image\" itemscope=\"itemscope\" itemtype=\"https:\/\/schema.org\/ImageObject\"  ><div class='avia-image-container-inner'><div class='avia-image-overlay-wrap'><img decoding=\"async\" class='wp-image-23 avia-img-lazy-loading-not-23 avia_image' src=\"https:\/\/colorfast.app\/wp-content\/uploads\/2021\/07\/colorfast-smartphone-610x1030.png\" alt='' title='colorfast-smartphone' height=\"1030\" width=\"610\"  itemprop=\"thumbnailUrl\" srcset=\"https:\/\/colorfast.app\/wp-content\/uploads\/2021\/07\/colorfast-smartphone-610x1030.png 610w, https:\/\/colorfast.app\/wp-content\/uploads\/2021\/07\/colorfast-smartphone-178x300.png 178w, https:\/\/colorfast.app\/wp-content\/uploads\/2021\/07\/colorfast-smartphone-768x1296.png 768w, https:\/\/colorfast.app\/wp-content\/uploads\/2021\/07\/colorfast-smartphone-910x1536.png 910w, https:\/\/colorfast.app\/wp-content\/uploads\/2021\/07\/colorfast-smartphone-889x1500.png 889w, https:\/\/colorfast.app\/wp-content\/uploads\/2021\/07\/colorfast-smartphone-418x705.png 418w, https:\/\/colorfast.app\/wp-content\/uploads\/2021\/07\/colorfast-smartphone.png 993w\" sizes=\"(max-width: 610px) 100vw, 610px\" \/><\/div><\/div><\/div><\/div><\/div><!--close column table wrapper. Autoclose: 1 -->\n\n<\/div><\/div><\/main><!-- close content main element --><\/div><\/div><\/div><div id='av-layout-grid-1'  class='av-layout-grid-container entry-content-wrapper main_color av-flex-cells     avia-builder-el-8  el_after_av_section  avia-builder-el-last  av-cell-min-height av-cell-min-height-100 submenu-not-first container_wrap sidebar_right' style=' '   data-av_minimum_height_pc='100'>\n<div class=\"flex_cell no_margin av_two_fifth  avia-builder-el-9  el_before_av_cell_three_fifth  avia-builder-el-first  tablet-hidden  \"  style='vertical-align:middle; padding:50px 8% 50px 8% ; ' ><div class='flex_cell_inner' ><div  class='avia-image-container avia_animated_image avia_animate_when_almost_visible av-rotateInUpLeft av-styling- av-hover-grow   avia-builder-el-10  avia-builder-el-no-sibling  avia-align-center '  itemprop=\"image\" itemscope=\"itemscope\" itemtype=\"https:\/\/schema.org\/ImageObject\"  ><div class='avia-image-container-inner'><div class='avia-image-overlay-wrap'><img decoding=\"async\" class='wp-image-71 avia-img-lazy-loading-not-71 avia_image' src=\"https:\/\/colorfast.app\/wp-content\/uploads\/2021\/07\/smartphone-splash-610x1030.png\" alt='' title='smartphone-splash' height=\"1030\" width=\"610\"  itemprop=\"thumbnailUrl\" srcset=\"https:\/\/colorfast.app\/wp-content\/uploads\/2021\/07\/smartphone-splash-610x1030.png 610w, https:\/\/colorfast.app\/wp-content\/uploads\/2021\/07\/smartphone-splash-178x300.png 178w, https:\/\/colorfast.app\/wp-content\/uploads\/2021\/07\/smartphone-splash-768x1296.png 768w, https:\/\/colorfast.app\/wp-content\/uploads\/2021\/07\/smartphone-splash-910x1536.png 910w, https:\/\/colorfast.app\/wp-content\/uploads\/2021\/07\/smartphone-splash-889x1500.png 889w, https:\/\/colorfast.app\/wp-content\/uploads\/2021\/07\/smartphone-splash-418x705.png 418w, https:\/\/colorfast.app\/wp-content\/uploads\/2021\/07\/smartphone-splash.png 993w\" sizes=\"(max-width: 610px) 100vw, 610px\" \/><\/div><\/div><\/div>\n<\/div><\/div><div class=\"flex_cell no_margin av_three_fifth  avia-builder-el-11  el_after_av_cell_two_fifth  avia-builder-el-last   \"  style='vertical-align:middle; padding:50px 150px 50px 50px ; ' ><div class='flex_cell_inner' ><p><div class=\"flex_column av_one_full  av-animated-generic bottom-to-top  flex_column_div av-zero-column-padding first  avia-builder-el-12  el_before_av_one_half  avia-builder-el-first  \" style='border-radius:0px; '><p><div  style='padding-bottom:10px; margin-top: 10px;font-size:50px;' class='av-special-heading av-special-heading-h2  blockquote modern-quote  avia-builder-el-13  el_before_av_hr  avia-builder-el-first  av-inherit-size '><h2 class='av-special-heading-tag '  itemprop=\"headline\"  > Farberkennung leicht gemacht<\/h2><div class='special-heading-border'><div class='special-heading-inner-border' ><\/div><\/div><\/div><br \/>\n<div  style=' margin-top:10px; margin-bottom:30px;'  class='hr hr-custom hr-left hr-icon-no   avia-builder-el-14  el_after_av_heading  el_before_av_textblock '><span class='hr-inner  inner-border-av-border-fat' style=' width:50px; border-color:#333333;' ><span class='hr-inner-style'><\/span><\/span><\/div><br \/>\n<section class=\"av_textblock_section \"  itemscope=\"itemscope\" itemtype=\"https:\/\/schema.org\/CreativeWork\" ><div class='avia_textblock  '   itemprop=\"text\" ><p>Erkennt Farben \u00fcber die Handy-Kamera. Kann Farbt\u00f6ne vorlesen lassen oder in Klangsignale umwandeln. Enorm hilfreich f\u00fcr Blinde, Farbenblinde und Farbenfehlsichtige \u2013 aber auch ein interessantes Tool f\u00fcr Profis, z. B. Designer und Fotografen.<\/p>\n<\/div><\/section><\/p><\/div><div class=\"flex_column av_one_half  av-animated-generic pop-up  flex_column_div av-zero-column-padding first  avia-builder-el-16  el_after_av_one_full  el_before_av_one_half  column-top-margin\" style='border-radius:0px; '><article  class=\"iconbox iconbox_left_content    avia-builder-el-17  avia-builder-el-no-sibling  av-icon-style-no-border\"  itemscope=\"itemscope\" itemtype=\"https:\/\/schema.org\/CreativeWork\" ><div class=\"iconbox_icon heading-color\" aria-hidden='true' data-av_icon='\ue8a3' data-av_iconfont='entypo-fontello'  style='color:#9e005d; ' ><\/div><div class=\"iconbox_content\"><header class=\"entry-content-header\"><h3 class='iconbox_content_title  '  itemprop=\"headline\"  >Erkennung von Farben<\/h3><\/header><div class='iconbox_content_container  '  itemprop=\"text\"  ><p>ColorFast bestimmt Farben von allen nur denkbaren Quellen und Objekten, z. B. Fotos, Kleidungsst\u00fccke, Gem\u00e4lde, B\u00e4ume, Blumen usw<\/p>\n<\/div><\/div><footer class=\"entry-footer\"><\/footer><\/article><\/div><div class=\"flex_column av_one_half  av-animated-generic pop-up  flex_column_div av-zero-column-padding   avia-builder-el-18  el_after_av_one_half  el_before_av_one_half  column-top-margin\" style='border-radius:0px; '><article  class=\"iconbox iconbox_left_content    avia-builder-el-19  avia-builder-el-no-sibling  av-icon-style-no-border\"  itemscope=\"itemscope\" itemtype=\"https:\/\/schema.org\/CreativeWork\" ><div class=\"iconbox_icon heading-color\" aria-hidden='true' data-av_icon='\ue860' data-av_iconfont='entypo-fontello'  style='color:#ff931e; ' ><\/div><div class=\"iconbox_content\"><header class=\"entry-content-header\"><h3 class='iconbox_content_title  '  itemprop=\"headline\"  >\u00dcber 200 gesprochene Farbnamen<\/h3><\/header><div class='iconbox_content_container  '  itemprop=\"text\"  ><p>Der blinde bzw. sehbehinderte Nutzer h\u00f6rt die Stimme einer Sprecherin, die den jeweiligen Farbton vorliest.<\/p>\n<\/div><\/div><footer class=\"entry-footer\"><\/footer><\/article><\/div><div class=\"flex_column av_one_half  av-animated-generic pop-up  flex_column_div av-zero-column-padding first  avia-builder-el-20  el_after_av_one_half  el_before_av_one_half  column-top-margin\" style='border-radius:0px; '><article  class=\"iconbox iconbox_left_content    avia-builder-el-21  avia-builder-el-no-sibling  av-icon-style-no-border\"  itemscope=\"itemscope\" itemtype=\"https:\/\/schema.org\/CreativeWork\" ><div class=\"iconbox_icon heading-color\" aria-hidden='true' data-av_icon='\ue801' data-av_iconfont='entypo-fontello'  style='color:#0071bc; ' ><\/div><div class=\"iconbox_content\"><header class=\"entry-content-header\"><h3 class='iconbox_content_title  '  itemprop=\"headline\"  >Musik-Farben-Syn\u00e4sthesie<\/h3><\/header><div class='iconbox_content_container  '  itemprop=\"text\"  ><p>Blinde, Farbenblinde und Farbenfehlsichtige k\u00f6nnen mit Hilfe der unterschiedlichen Kl\u00e4nge die Farben schneller, intensiver und direkter erfahren.<\/p>\n<\/div><\/div><footer class=\"entry-footer\"><\/footer><\/article><\/div><div class=\"flex_column av_one_half  av-animated-generic pop-up  flex_column_div av-zero-column-padding   avia-builder-el-22  el_after_av_one_half  avia-builder-el-last  column-top-margin\" style='border-radius:0px; '><article  class=\"iconbox iconbox_left_content    avia-builder-el-23  avia-builder-el-no-sibling  av-icon-style-no-border\"  itemscope=\"itemscope\" itemtype=\"https:\/\/schema.org\/CreativeWork\" ><div class=\"iconbox_icon heading-color\" aria-hidden='true' data-av_icon='\ue896' data-av_iconfont='entypo-fontello'  style='color:#7ac943; ' ><\/div><div class=\"iconbox_content\"><header class=\"entry-content-header\"><h3 class='iconbox_content_title  '  itemprop=\"headline\"  >VoiceOver Steuerung<\/h3><\/header><div class='iconbox_content_container  '  itemprop=\"text\"  ><p>VoiceOver erm\u00f6glicht Steuerung des Smartphones \u00fcber bestimmte Gesten, z. B. einmaliges Tippen, doppeltes Tippen oder Streichen \u00fcber den Bildschirm.<\/p>\n<\/div><\/div><footer class=\"entry-footer\"><\/footer><\/article><\/div><\/p>\n<\/div><\/div><\/div>\n","protected":false},"excerpt":{"rendered":"","protected":false},"author":1,"featured_media":0,"parent":0,"menu_order":0,"comment_status":"closed","ping_status":"closed","template":"","meta":{"inline_featured_image":false,"footnotes":""},"class_list":["post-6","page","type-page","status-publish","hentry"],"_links":{"self":[{"href":"https:\/\/colorfast.app\/index.php\/wp-json\/wp\/v2\/pages\/6","targetHints":{"allow":["GET"]}}],"collection":[{"href":"https:\/\/colorfast.app\/index.php\/wp-json\/wp\/v2\/pages"}],"about":[{"href":"https:\/\/colorfast.app\/index.php\/wp-json\/wp\/v2\/types\/page"}],"author":[{"embeddable":true,"href":"https:\/\/colorfast.app\/index.php\/wp-json\/wp\/v2\/users\/1"}],"replies":[{"embeddable":true,"href":"https:\/\/colorfast.app\/index.php\/wp-json\/wp\/v2\/comments?post=6"}],"version-history":[{"count":25,"href":"https:\/\/colorfast.app\/index.php\/wp-json\/wp\/v2\/pages\/6\/revisions"}],"predecessor-version":[{"id":73,"href":"https:\/\/colorfast.app\/index.php\/wp-json\/wp\/v2\/pages\/6\/revisions\/73"}],"wp:attachment":[{"href":"https:\/\/colorfast.app\/index.php\/wp-json\/wp\/v2\/media?parent=6"}],"curies":[{"name":"wp","href":"https:\/\/api.w.org\/{rel}","templated":true}]}}